{"id":6,"date":"2019-08-13T23:23:39","date_gmt":"2019-08-13T21:23:39","guid":{"rendered":"https:\/\/mowamo.org\/?page_id=6"},"modified":"2025-07-19T19:32:50","modified_gmt":"2025-07-19T17:32:50","slug":"ueber-uns","status":"publish","type":"page","link":"https:\/\/mowamo.org\/en\/ueber-uns\/","title":{"rendered":"About Us"},"content":{"rendered":"<div class=\"wp-block-group alignfull has-accent-background-color has-background has-global-padding is-layout-constrained wp-container-core-group-is-layout-d89aad35 wp-block-group-is-layout-constrained\" style=\"margin-top:0;margin-bottom:0;padding-top:var(--wp--preset--spacing--50);padding-right:var(--wp--preset--spacing--50);padding-bottom:var(--wp--preset--spacing--50);padding-left:var(--wp--preset--spacing--50)\">\n<div class=\"wp-block-columns alignwide are-vertically-aligned-center is-layout-flex wp-container-core-columns-is-layout-47c06fe3 wp-block-columns-is-layout-flex\">\n<div class=\"wp-block-column is-vertically-aligned-center has-accent-background-color has-background is-layout-flow wp-block-column-is-layout-flow\" style=\"flex-basis:50%\">\n<h2 class=\"wp-block-heading has-base-2-color has-text-color has-link-color wp-elements-1b5e93707e55c103cf550d6f0789ee9f\">We want to raise awareness of this and connect with Ghana<\/h2>\n\n\n\n<p class=\"has-text-align-left has-base-2-color has-text-color has-link-color has-heading-font-family wp-elements-2761f5748650eb6011ec95cdf55ab9b4\" style=\"font-style:normal;font-weight:400;line-height:1.2\">People with disabilities in Ghana experience little to no support from the state. There is insurance, but not everyone can afford it.<\/p>\n\n\n\n<p class=\"has-text-align-left has-base-2-color has-text-color has-link-color wp-elements-43fb20f2796ff90bda8356590ba826ed\" style=\"font-style:normal;font-weight:400;line-height:1.2\">It is up to the families and voluntary associations to help.<\/p>\n\n\n\n<p class=\"has-text-align-left has-base-2-color has-text-color has-link-color has-heading-font-family wp-elements-31450d128056368d6126327aafcf5b19\" style=\"font-style:normal;font-weight:400;line-height:1.2\">For most families this is not possible. Thus, these people can not participate in social life and are often forced to beg.<\/p>\n\n\n\n<p class=\"has-base-2-color has-text-color has-link-color wp-elements-5e70767b3cce0b7c17a587397cfe2f4c\" style=\"font-style:normal;font-weight:400;line-height:1.2\">People with disabilities in Austria need a bigger lobby.<\/p>\n\n\n\n<p class=\"has-base-2-color has-text-color has-link-color wp-elements-cd1855fdfc7deffa7ab4d15643a61ce4\" style=\"font-style:normal;font-weight:400;line-height:1.2\"><strong>People with disabilities in Ghana are often exposed to multiple discrimination!<\/strong><\/p>\n<\/div>\n\n\n\n<div class=\"wp-block-column is-vertically-aligned-center has-accent-background-color has-background is-layout-flow wp-block-column-is-layout-flow\" style=\"flex-basis:50%\">\n<figure class=\"wp-block-image size-large is-style-rounded wp-duotone-duotone-1 is-style-rounded--1\"><img loading=\"lazy\" decoding=\"async\" width=\"1024\" height=\"683\" src=\"https:\/\/mowamo.org\/wp-content\/uploads\/2025\/07\/mowamo_team_in_car-1024x683.jpg\" alt=\"Mowamo Team in the Car\" class=\"wp-image-1155\" style=\"aspect-ratio:4\/3;object-fit:cover\" srcset=\"https:\/\/mowamo.org\/wp-content\/uploads\/2025\/07\/mowamo_team_in_car-1024x683.jpg 1024w, https:\/\/mowamo.org\/wp-content\/uploads\/2025\/07\/mowamo_team_in_car-300x200.jpg 300w, https:\/\/mowamo.org\/wp-content\/uploads\/2025\/07\/mowamo_team_in_car-768x512.jpg 768w, https:\/\/mowamo.org\/wp-content\/uploads\/2025\/07\/mowamo_team_in_car-1536x1024.jpg 1536w, https:\/\/mowamo.org\/wp-content\/uploads\/2025\/07\/mowamo_team_in_car-2048x1365.jpg 2048w, https:\/\/mowamo.org\/wp-content\/uploads\/2025\/07\/mowamo_team_in_car-18x12.jpg 18w\" sizes=\"auto, (max-width: 1024px) 100vw, 1024px\" \/><\/figure>\n<\/div>\n<\/div>\n<\/div>\n\n\n\n<div class=\"wp-block-group alignfull has-global-padding is-layout-constrained wp-container-core-group-is-layout-d89aad35 wp-block-group-is-layout-constrained\" style=\"margin-top:0;margin-bottom:0;padding-top:var(--wp--preset--spacing--50);padding-right:var(--wp--preset--spacing--50);padding-bottom:var(--wp--preset--spacing--50);padding-left:var(--wp--preset--spacing--50)\">\n<div class=\"wp-block-group is-vertical is-content-justification-center is-layout-flex wp-container-core-group-is-layout-ce155fab wp-block-group-is-layout-flex\">\n<h2 class=\"wp-block-heading has-text-align-center\">Meet Our Teams<\/h2>\n\n\n\n<div class=\"wp-block-buttons is-layout-flex wp-block-buttons-is-layout-flex\">\n<div class=\"wp-block-button\"><a class=\"wp-block-button__link wp-element-button\" href=\"https:\/\/mowamo.org\/en\/ueber-uns\/team-austria\/\">Team Austria<\/a><\/div>\n\n\n\n<div class=\"wp-block-button is-style-outline is-style-outline--2\"><a class=\"wp-block-button__link wp-element-button\" href=\"https:\/\/mowamo.org\/en\/ueber-uns\/team-ghana\/\">Team Ghana<\/a><\/div>\n<\/div>\n<\/div>\n<\/div>","protected":false},"excerpt":{"rendered":"<p>Daf\u00fcr wollen wir sensibilisieren und uns mit Ghana verbinden Menschen mit Beeintr\u00e4chtigung in Ghana erfahren wenig bis gar keine Unterst\u00fctzung vom Staat. Eine Versicherung gibt es nicht! Es obliegt den Familien und ehrenamtlichen Vereinen zu helfen. Den meisten Familien ist dies nicht m\u00f6glich. Dadurch k\u00f6nnen diese Menschen nicht am sozialen Leben teilhaben und sind oft [&hellip;]<\/p>\n","protected":false},"author":1,"featured_media":0,"parent":0,"menu_order":0,"comment_status":"closed","ping_status":"closed","template":"","meta":{"_seopress_robots_primary_cat":"","_seopress_titles_title":"","_seopress_titles_desc":"","_seopress_robots_index":"","footnotes":""},"class_list":["post-6","page","type-page","status-publish","hentry"],"_links":{"self":[{"href":"https:\/\/mowamo.org\/en\/wp-json\/wp\/v2\/pages\/6","targetHints":{"allow":["GET"]}}],"collection":[{"href":"https:\/\/mowamo.org\/en\/wp-json\/wp\/v2\/pages"}],"about":[{"href":"https:\/\/mowamo.org\/en\/wp-json\/wp\/v2\/types\/page"}],"author":[{"embeddable":true,"href":"https:\/\/mowamo.org\/en\/wp-json\/wp\/v2\/users\/1"}],"replies":[{"embeddable":true,"href":"https:\/\/mowamo.org\/en\/wp-json\/wp\/v2\/comments?post=6"}],"version-history":[{"count":20,"href":"https:\/\/mowamo.org\/en\/wp-json\/wp\/v2\/pages\/6\/revisions"}],"predecessor-version":[{"id":1160,"href":"https:\/\/mowamo.org\/en\/wp-json\/wp\/v2\/pages\/6\/revisions\/1160"}],"wp:attachment":[{"href":"https:\/\/mowamo.org\/en\/wp-json\/wp\/v2\/media?parent=6"}],"curies":[{"name":"wp","href":"https:\/\/api.w.org\/{rel}","templated":true}]}}