{"id":28,"date":"2019-08-13T23:30:41","date_gmt":"2019-08-13T21:30:41","guid":{"rendered":"https:\/\/mowamo.org\/?page_id=28"},"modified":"2025-07-19T20:22:21","modified_gmt":"2025-07-19T18:22:21","slug":"team-austria","status":"publish","type":"page","link":"https:\/\/mowamo.org\/en\/ueber-uns\/team-austria\/","title":{"rendered":"Team Austria"},"content":{"rendered":"<div class=\"wp-block-media-text alignfull is-stacked-on-mobile is-vertically-aligned-center has-border-color has-base-border-color\" style=\"border-width:1px\"><figure class=\"wp-block-media-text__media\"><img loading=\"lazy\" decoding=\"async\" width=\"768\" height=\"1024\" src=\"https:\/\/mowamo.org\/wp-content\/uploads\/2021\/08\/mowamo__clifford_ankrah-768x1024.jpg\" alt=\"\" class=\"wp-image-218 size-full\" srcset=\"https:\/\/mowamo.org\/wp-content\/uploads\/2021\/08\/mowamo__clifford_ankrah-768x1024.jpg 768w, https:\/\/mowamo.org\/wp-content\/uploads\/2021\/08\/mowamo__clifford_ankrah-225x300.jpg 225w, https:\/\/mowamo.org\/wp-content\/uploads\/2021\/08\/mowamo__clifford_ankrah-1152x1536.jpg 1152w, https:\/\/mowamo.org\/wp-content\/uploads\/2021\/08\/mowamo__clifford_ankrah-1536x2048.jpg 1536w, https:\/\/mowamo.org\/wp-content\/uploads\/2021\/08\/mowamo__clifford_ankrah-9x12.jpg 9w, https:\/\/mowamo.org\/wp-content\/uploads\/2021\/08\/mowamo__clifford_ankrah-1200x1600.jpg 1200w, https:\/\/mowamo.org\/wp-content\/uploads\/2021\/08\/mowamo__clifford_ankrah-1980x2640.jpg 1980w, https:\/\/mowamo.org\/wp-content\/uploads\/2021\/08\/mowamo__clifford_ankrah-scaled.jpg 1920w\" sizes=\"auto, (max-width: 768px) 100vw, 768px\" \/><\/figure><div class=\"wp-block-media-text__content\">\n<h2 class=\"wp-block-heading has-text-align-left has-accent-color has-text-color\"><strong><strong>Clifford Ankrah<\/strong><\/strong><\/h2>\n\n\n\n<p class=\"has-text-align-left has-contrast-2-color has-text-color has-link-color wp-elements-5d5e305e3eadd07f7e68d13d22392730\">Obmann &amp; Gr\u00fcnder<\/p>\n\n\n\n<p class=\"has-large-font-size\">People with disabilities receive little or no support from the communities in Ghana. I would like to help them in this way.<\/p>\n<\/div><\/div>\n\n\n\n<div class=\"wp-block-group alignfull has-accent-3-background-color has-background has-global-padding is-layout-constrained wp-container-core-group-is-layout-4c36719a wp-block-group-is-layout-constrained\" style=\"margin-top:var(--wp--preset--spacing--10);margin-bottom:var(--wp--preset--spacing--10);padding-top:var(--wp--preset--spacing--60);padding-right:var(--wp--preset--spacing--60);padding-bottom:var(--wp--preset--spacing--60);padding-left:var(--wp--preset--spacing--60)\">\n<div class=\"wp-block-group alignwide has-global-padding is-layout-constrained wp-block-group-is-layout-constrained\">\n<p class=\"has-text-align-center has-heading-font-family has-x-large-font-size\" style=\"font-style:normal;font-weight:700;line-height:1.1\">Der Dienst am N\u00e4chsten ist die Miete, die Sie f\u00fcr Ihr Zimmer hier auf der Erde zahlen. <\/p>\n\n\n\n<p class=\"has-text-align-center has-heading-font-family has-medium-font-size\" style=\"font-style:normal;font-weight:300;line-height:1.1\">\u2014 Muhammad Ali<\/p>\n<\/div>\n<\/div>\n\n\n\n<div class=\"wp-block-media-text alignfull has-media-on-the-right is-stacked-on-mobile is-vertically-aligned-center is-style-default has-border-color has-base-border-color\" style=\"border-width:1px\"><div class=\"wp-block-media-text__content\">\n<h2 class=\"wp-block-heading has-text-align-left has-accent-color has-text-color\"><strong><strong><strong>Elisabeth Hirtl<\/strong><\/strong><\/strong><\/h2>\n\n\n\n<p class=\"has-text-align-left has-contrast-2-color has-text-color has-link-color wp-elements-a8b26d805d6e7342f7135ff5be6e65d6\">Treasurer<\/p>\n\n\n\n<p class=\"has-large-font-size\">I think it's great when different countries\/continents network to help and support people! As a carer for the disabled, it is particularly important to me to make this group the focus of society and to enable them to live a good life.<\/p>\n<\/div><figure class=\"wp-block-media-text__media\"><img loading=\"lazy\" decoding=\"async\" width=\"821\" height=\"1024\" src=\"https:\/\/mowamo.org\/wp-content\/uploads\/2023\/08\/elisabeth_hirtl-821x1024.jpg\" alt=\"\" class=\"wp-image-407 size-full\" srcset=\"https:\/\/mowamo.org\/wp-content\/uploads\/2023\/08\/elisabeth_hirtl-821x1024.jpg 821w, https:\/\/mowamo.org\/wp-content\/uploads\/2023\/08\/elisabeth_hirtl-240x300.jpg 240w, https:\/\/mowamo.org\/wp-content\/uploads\/2023\/08\/elisabeth_hirtl-768x958.jpg 768w, https:\/\/mowamo.org\/wp-content\/uploads\/2023\/08\/elisabeth_hirtl-1231x1536.jpg 1231w, https:\/\/mowamo.org\/wp-content\/uploads\/2023\/08\/elisabeth_hirtl-10x12.jpg 10w, https:\/\/mowamo.org\/wp-content\/uploads\/2023\/08\/elisabeth_hirtl-1200x1497.jpg 1200w, https:\/\/mowamo.org\/wp-content\/uploads\/2023\/08\/elisabeth_hirtl.jpg 1603w\" sizes=\"auto, (max-width: 821px) 100vw, 821px\" \/><\/figure><\/div>\n\n\n\n<div class=\"wp-block-group alignfull has-base-background-color has-background has-global-padding is-layout-constrained wp-container-core-group-is-layout-d89aad35 wp-block-group-is-layout-constrained\" style=\"margin-top:0;margin-bottom:0;padding-top:var(--wp--preset--spacing--50);padding-right:var(--wp--preset--spacing--50);padding-bottom:var(--wp--preset--spacing--50);padding-left:var(--wp--preset--spacing--50)\">\n<div class=\"wp-block-columns alignwide are-vertically-aligned-center is-layout-flex wp-container-core-columns-is-layout-47c06fe3 wp-block-columns-is-layout-flex\">\n<div class=\"wp-block-column is-vertically-aligned-center has-base-background-color has-background is-layout-flow wp-block-column-is-layout-flow\" style=\"flex-basis:50%\">\n<h2 class=\"wp-block-heading\">Continue to Team Ghana \ud83c\uddec\ud83c\udded<\/h2>\n<\/div>\n\n\n\n<div class=\"wp-block-column is-vertically-aligned-center has-base-background-color has-background is-layout-flow wp-block-column-is-layout-flow\" style=\"flex-basis:50%\">\n<div class=\"wp-block-buttons is-layout-flex wp-block-buttons-is-layout-flex\">\n<div class=\"wp-block-button\"><a class=\"wp-block-button__link wp-element-button\" href=\"https:\/\/mowamo.org\/en\/ueber-uns\/team-ghana\/\">Team Ghana<\/a><\/div>\n<\/div>\n<\/div>\n<\/div>\n<\/div>","protected":false},"excerpt":{"rendered":"<p>Clifford Ankrah Obmann &amp; Gr\u00fcnder Menschen mit Behinderungen bekommen gar keine oder fast keine Unterst\u00fctzung von den Gemeinden in Ghana. Ich m\u00f6chte ihnen auf diesem Weg helfen. Service to others is the rent you pay for your room here on earth \u2014 Muhammad Ali Elisabeth Hirtl Kassiererin Ich finde es sehr sch\u00f6n, wenn sich verschiedene [&hellip;]<\/p>\n","protected":false},"author":1,"featured_media":0,"parent":6,"menu_order":0,"comment_status":"closed","ping_status":"closed","template":"","meta":{"_seopress_robots_primary_cat":"","_seopress_titles_title":"Team Austria - Mowamo","_seopress_titles_desc":"Mowamo ist ein Linzer Verein, der von vielen helfenden H\u00e4nden unterst\u00fctzt wird, lerne unser Team aus \u00d6sterreich kennen!","_seopress_robots_index":"","footnotes":""},"class_list":["post-28","page","type-page","status-publish","hentry"],"_links":{"self":[{"href":"https:\/\/mowamo.org\/en\/wp-json\/wp\/v2\/pages\/28","targetHints":{"allow":["GET"]}}],"collection":[{"href":"https:\/\/mowamo.org\/en\/wp-json\/wp\/v2\/pages"}],"about":[{"href":"https:\/\/mowamo.org\/en\/wp-json\/wp\/v2\/types\/page"}],"author":[{"embeddable":true,"href":"https:\/\/mowamo.org\/en\/wp-json\/wp\/v2\/users\/1"}],"replies":[{"embeddable":true,"href":"https:\/\/mowamo.org\/en\/wp-json\/wp\/v2\/comments?post=28"}],"version-history":[{"count":82,"href":"https:\/\/mowamo.org\/en\/wp-json\/wp\/v2\/pages\/28\/revisions"}],"predecessor-version":[{"id":1204,"href":"https:\/\/mowamo.org\/en\/wp-json\/wp\/v2\/pages\/28\/revisions\/1204"}],"up":[{"embeddable":true,"href":"https:\/\/mowamo.org\/en\/wp-json\/wp\/v2\/pages\/6"}],"wp:attachment":[{"href":"https:\/\/mowamo.org\/en\/wp-json\/wp\/v2\/media?parent=28"}],"curies":[{"name":"wp","href":"https:\/\/api.w.org\/{rel}","templated":true}]}}