{"id":17,"date":"2019-08-13T23:26:18","date_gmt":"2019-08-13T21:26:18","guid":{"rendered":"https:\/\/mowamo.org\/?page_id=17"},"modified":"2025-07-19T21:29:15","modified_gmt":"2025-07-19T19:29:15","slug":"impressum","status":"publish","type":"page","link":"https:\/\/mowamo.org\/en\/impressum\/","title":{"rendered":"Imprint"},"content":{"rendered":"<p><strong>Mowamo \u2013 helping hands<\/strong><br>Graben 3<br>4020 Linz<\/p>\n\n\n\n<p>Tel.: 0600 \/ 98 24 531<br>Mail: office@mowamo.org<\/p>\n\n\n\n<p>ZVR \u2013&nbsp;<strong>1731712259<\/strong>&nbsp;According to the Austrian Central Register of Associations<\/p>\n\n\n\n<p>With the exception of the content indicated as \u201cSource\u201d, the entire content of this website is the property of&nbsp;<strong>Mowamo - helping hands<\/strong>&nbsp;and may not be used by third parties without consent.<\/p>\n\n\n\n<p><strong>Sources:<\/strong><br>helping hand by Jonathan Meyer from the Noun Project<\/p>\n\n\n\n<div style=\"height:100px\" aria-hidden=\"true\" class=\"wp-block-spacer\"><\/div>","protected":false},"excerpt":{"rendered":"<p>Mowamo \u2013 helping handsGraben 34020 Linz Tel.: 0600 \/ 98 24 531Mail: office@mowamo.org ZVR \u2013&nbsp;1731712259&nbsp;Gem\u00e4\u00df \u00f6sterreichischen Zentralen Vereinsregister Mit Ausnahme des mit \u201cQuelle\u201d angef\u00fchrten Inhalts, befindet sich der vollst\u00e4ndige Inhalt dieser Website im Eigentum von&nbsp;Mowamo \u2013 Helfende H\u00e4nde&nbsp;und darf ohne Zustimmung nicht von Dritten verwendet werden. Quellen:helping hand by Jonathan Meyer from the Noun Project<\/p>","protected":false},"author":1,"featured_media":0,"parent":0,"menu_order":0,"comment_status":"closed","ping_status":"closed","template":"","meta":{"_seopress_robots_primary_cat":"","_seopress_titles_title":"","_seopress_titles_desc":"","_seopress_robots_index":"","footnotes":""},"class_list":["post-17","page","type-page","status-publish","hentry"],"_links":{"self":[{"href":"https:\/\/mowamo.org\/en\/wp-json\/wp\/v2\/pages\/17","targetHints":{"allow":["GET"]}}],"collection":[{"href":"https:\/\/mowamo.org\/en\/wp-json\/wp\/v2\/pages"}],"about":[{"href":"https:\/\/mowamo.org\/en\/wp-json\/wp\/v2\/types\/page"}],"author":[{"embeddable":true,"href":"https:\/\/mowamo.org\/en\/wp-json\/wp\/v2\/users\/1"}],"replies":[{"embeddable":true,"href":"https:\/\/mowamo.org\/en\/wp-json\/wp\/v2\/comments?post=17"}],"version-history":[{"count":14,"href":"https:\/\/mowamo.org\/en\/wp-json\/wp\/v2\/pages\/17\/revisions"}],"predecessor-version":[{"id":1211,"href":"https:\/\/mowamo.org\/en\/wp-json\/wp\/v2\/pages\/17\/revisions\/1211"}],"wp:attachment":[{"href":"https:\/\/mowamo.org\/en\/wp-json\/wp\/v2\/media?parent=17"}],"curies":[{"name":"wp","href":"https:\/\/api.w.org\/{rel}","templated":true}]}}