{"id":10,"date":"2019-08-13T23:25:13","date_gmt":"2019-08-13T21:25:13","guid":{"rendered":"https:\/\/mowamo.org\/?page_id=10"},"modified":"2025-07-19T20:34:56","modified_gmt":"2025-07-19T18:34:56","slug":"home","status":"publish","type":"page","link":"https:\/\/mowamo.org\/en\/","title":{"rendered":"Home"},"content":{"rendered":"\n<div class=\"wp-block-group alignfull has-accent-background-color has-background has-global-padding is-content-justification-left is-layout-constrained wp-container-core-group-is-layout-598bffc8 wp-block-group-is-layout-constrained\" style=\"margin-top:0;margin-bottom:0;padding-top:var(--wp--preset--spacing--50);padding-right:var(--wp--preset--spacing--50);padding-bottom:var(--wp--preset--spacing--50);padding-left:var(--wp--preset--spacing--50)\">\n<div class=\"wp-block-columns alignwide is-layout-flex wp-container-core-columns-is-layout-9a01b68c wp-block-columns-is-layout-flex\">\n<div class=\"wp-block-column is-vertically-aligned-stretch is-layout-flow wp-block-column-is-layout-flow\" style=\"flex-basis:50%\">\n<div class=\"wp-block-group has-accent-background-color has-background is-vertical is-content-justification-left is-layout-flex wp-container-core-group-is-layout-b21d21b4 wp-block-group-is-layout-flex\" style=\"min-height:100%\">\n<h2 class=\"wp-block-heading has-base-2-color has-text-color has-link-color wp-elements-83af97ba76018768032ccf8ebb0782a5\">Aufruf!<\/h2>\n\n\n\n<div class=\"wp-block-group has-global-padding is-content-justification-left is-layout-constrained wp-container-core-group-is-layout-c4d06299 wp-block-group-is-layout-constrained\">\n<p class=\"has-base-2-color has-text-color has-link-color wp-elements-d9d01479ac7950f4aa60b43af1e44ebf wp-container-content-0733e5d0\"><strong>Liebe*r Freund*in, Bekannte*r, interessierte Person und Unterst\u00fctzer*in!<\/strong><\/p>\n\n\n\n<p class=\"has-base-2-color has-text-color has-link-color wp-elements-d67243612e65de20c8b5fcbb564e9e9d\">Ich habe den Verein Mowamo \u2013 helfende H\u00e4nde gegr\u00fcndet, um Menschen mit Behinderungen in Ghana das Leben zu erleichtern und zu versch\u00f6nern.<\/p>\n\n\n\n<p class=\"has-base-2-color has-text-color has-link-color wp-elements-987d6a1cff8760fd3e615819e641a2bc\">Wir haben \u00fcber die Jahre gebrauchte Gehhilfen (Gehst\u00f6cken, Rollatoren, Rohlst\u00fchlen und Kr\u00fccken) gesammelt und wollen diese nun nach Ghana verschiffen. F\u00fcr dieses Anliegen brauchen wir noch finanzielle Mittel f\u00fcr den Transport nach Ghana. Es w\u00fcrde uns sehr freuen, wenn du uns bei dieser Sache unterst\u00fctzt. Das kannst du tun, indem du spendest und\/oder diese Nachricht verbreitest.<\/p>\n\n\n\n<p class=\"has-base-2-color has-text-color has-link-color wp-elements-07775a84c9eb016379552f39a7a5fb8d\">DANKE!!!!<\/p>\n\n\n\n<p class=\"has-base-2-color has-text-color has-link-color wp-elements-a3b7946ad53f7fdf181bd9bf87fbda0b\">Mit den besten Gr\u00fc\u00dfen,<br>Team Mowamo<br>(Clifford Ankrah, Elisabeth Hirtl)<\/p>\n<\/div>\n<\/div>\n<\/div>\n\n\n\n<div class=\"wp-block-column is-vertically-aligned-center is-layout-flow wp-block-column-is-layout-flow\" style=\"flex-basis:50%\">\n<pre class=\"wp-block-code has-accent-color has-text-color has-link-color wp-elements-fca8a6ac3bfb4cb164d918dfa2ebe039\"><code><strong>Bankdaten:\n<\/strong>Verein Mowamo \u2013 helfende H\u00e4nde\nIBAN: AT6234 0000 0001 6844 30\nBIC: RZOOAT2L<\/code><\/pre>\n<\/div>\n<\/div>\n<\/div>\n\n\n\n<div class=\"wp-block-group alignfull has-base-2-background-color has-background has-global-padding is-layout-constrained wp-container-core-group-is-layout-d89aad35 wp-block-group-is-layout-constrained\" style=\"margin-top:0;margin-bottom:0;padding-top:var(--wp--preset--spacing--50);padding-right:var(--wp--preset--spacing--50);padding-bottom:var(--wp--preset--spacing--50);padding-left:var(--wp--preset--spacing--50)\">\n<div class=\"wp-block-columns alignwide is-layout-flex wp-container-core-columns-is-layout-9a01b68c wp-block-columns-is-layout-flex\">\n<div class=\"wp-block-column has-global-padding is-layout-constrained wp-block-column-is-layout-constrained\" style=\"flex-basis:33.33%\">\n<h2 class=\"wp-block-heading\">Die Entstehung von Mowamo<\/h2>\n<\/div>\n\n\n\n<div class=\"wp-block-column has-global-padding is-layout-constrained wp-block-column-is-layout-constrained\" style=\"flex-basis:66.66%\">\n<p>Inspiration war das Theater spielen (Theater Malaria) und die Betreuung von Menschen mit Behinderungen.<\/p>\n\n\n\n<p>Trotz der schwierigen Situation, in der sie sich befinden, waren die Menschen mit voller Energie und Spa\u00df dabei.<\/p>\n\n\n\n<p>Menschen mit Behinderungen bekommen in Ghana unzureichend Hilfe zur Selbsthilfe, um ein selbstst\u00e4ndiges Leben zu f\u00fchren.<\/p>\n\n\n\n<p>Die Erfahrungen mit der Theatergruppe haben mich sehr ber\u00fchrt und motiviert, den Verein zu gr\u00fcnden, um behinderte Menschen in Ghana zu unterst\u00fctzen.<\/p>\n\n\n\n<div style=\"height:5px\" aria-hidden=\"true\" class=\"wp-block-spacer\"><\/div>\n\n\n\n<div class=\"wp-block-buttons is-content-justification-left is-layout-flex wp-container-core-buttons-is-layout-fc4fd283 wp-block-buttons-is-layout-flex\">\n<div class=\"wp-block-button\"><a class=\"wp-block-button__link has-medium-font-size has-custom-font-size wp-element-button\" href=\"https:\/\/mowamo.org\/ueber-uns\/\">\u00dcber Uns<\/a><\/div>\n<\/div>\n<\/div>\n<\/div>\n\n\n\n<div style=\"height:100px\" aria-hidden=\"true\" class=\"wp-block-spacer\"><\/div>\n\n\n\n<div class=\"wp-block-columns alignwide is-layout-flex wp-container-core-columns-is-layout-549b0c86 wp-block-columns-is-layout-flex\">\n<div class=\"wp-block-column has-text-color has-link-color wp-elements-2dfd206f93a8a9c95702dbe88fd43925 is-layout-flow wp-block-column-is-layout-flow\" style=\"color:#000000;padding-top:0em;padding-right:0em;padding-bottom:0em;padding-left:0em\">\n<figure data-wp-context=\"{&quot;imageId&quot;:&quot;69eb5cbc21eaf&quot;}\" data-wp-interactive=\"core\/image\" data-wp-key=\"69eb5cbc21eaf\" class=\"wp-block-image size-large wp-lightbox-container\"><img loading=\"lazy\" decoding=\"async\" width=\"1024\" height=\"731\" data-wp-class--hide=\"state.isContentHidden\" data-wp-class--show=\"state.isContentVisible\" data-wp-init=\"callbacks.setButtonStyles\" data-wp-on--click=\"actions.showLightbox\" data-wp-on--load=\"callbacks.setButtonStyles\" data-wp-on-window--resize=\"callbacks.setButtonStyles\" src=\"https:\/\/mowamo.org\/wp-content\/uploads\/2021\/08\/mowamo_team-1024x731.jpg\" alt=\"\" class=\"wp-image-187\" srcset=\"https:\/\/mowamo.org\/wp-content\/uploads\/2021\/08\/mowamo_team-1024x731.jpg 1024w, https:\/\/mowamo.org\/wp-content\/uploads\/2021\/08\/mowamo_team-300x214.jpg 300w, https:\/\/mowamo.org\/wp-content\/uploads\/2021\/08\/mowamo_team-768x548.jpg 768w, https:\/\/mowamo.org\/wp-content\/uploads\/2021\/08\/mowamo_team-18x12.jpg 18w, https:\/\/mowamo.org\/wp-content\/uploads\/2021\/08\/mowamo_team.jpg 1080w\" sizes=\"auto, (max-width: 1024px) 100vw, 1024px\" \/><button\n\t\t\tclass=\"lightbox-trigger\"\n\t\t\ttype=\"button\"\n\t\t\taria-haspopup=\"dialog\"\n\t\t\taria-label=\"Enlarge\"\n\t\t\tdata-wp-init=\"callbacks.initTriggerButton\"\n\t\t\tdata-wp-on--click=\"actions.showLightbox\"\n\t\t\tdata-wp-style--right=\"state.imageButtonRight\"\n\t\t\tdata-wp-style--top=\"state.imageButtonTop\"\n\t\t>\n\t\t\t<svg xmlns=\"http:\/\/www.w3.org\/2000\/svg\" width=\"12\" height=\"12\" fill=\"none\" viewBox=\"0 0 12 12\">\n\t\t\t\t<path fill=\"#fff\" d=\"M2 0a2 2 0 0 0-2 2v2h1.5V2a.5.5 0 0 1 .5-.5h2V0H2Zm2 10.5H2a.5.5 0 0 1-.5-.5V8H0v2a2 2 0 0 0 2 2h2v-1.5ZM8 12v-1.5h2a.5.5 0 0 0 .5-.5V8H12v2a2 2 0 0 1-2 2H8Zm2-12a2 2 0 0 1 2 2v2h-1.5V2a.5.5 0 0 0-.5-.5H8V0h2Z\" \/>\n\t\t\t<\/svg>\n\t\t<\/button><\/figure>\n<\/div>\n\n\n\n<div class=\"wp-block-column has-text-color has-link-color wp-elements-d57563e1531b888ba4024bfb4c647654 is-layout-flow wp-block-column-is-layout-flow\" style=\"color:#000000;padding-top:0em;padding-right:0em;padding-bottom:0em;padding-left:0em\">\n<figure data-wp-context=\"{&quot;imageId&quot;:&quot;69eb5cbc226a0&quot;}\" data-wp-interactive=\"core\/image\" data-wp-key=\"69eb5cbc226a0\" class=\"wp-block-image size-large wp-lightbox-container\"><img loading=\"lazy\" decoding=\"async\" width=\"1024\" height=\"731\" data-wp-class--hide=\"state.isContentHidden\" data-wp-class--show=\"state.isContentVisible\" data-wp-init=\"callbacks.setButtonStyles\" data-wp-on--click=\"actions.showLightbox\" data-wp-on--load=\"callbacks.setButtonStyles\" data-wp-on-window--resize=\"callbacks.setButtonStyles\" src=\"https:\/\/mowamo.org\/wp-content\/uploads\/2021\/08\/mowamo_team2-1024x731.jpg\" alt=\"\" class=\"wp-image-188\" srcset=\"https:\/\/mowamo.org\/wp-content\/uploads\/2021\/08\/mowamo_team2-1024x731.jpg 1024w, https:\/\/mowamo.org\/wp-content\/uploads\/2021\/08\/mowamo_team2-300x214.jpg 300w, https:\/\/mowamo.org\/wp-content\/uploads\/2021\/08\/mowamo_team2-768x548.jpg 768w, https:\/\/mowamo.org\/wp-content\/uploads\/2021\/08\/mowamo_team2-18x12.jpg 18w, https:\/\/mowamo.org\/wp-content\/uploads\/2021\/08\/mowamo_team2.jpg 1080w\" sizes=\"auto, (max-width: 1024px) 100vw, 1024px\" \/><button\n\t\t\tclass=\"lightbox-trigger\"\n\t\t\ttype=\"button\"\n\t\t\taria-haspopup=\"dialog\"\n\t\t\taria-label=\"Enlarge\"\n\t\t\tdata-wp-init=\"callbacks.initTriggerButton\"\n\t\t\tdata-wp-on--click=\"actions.showLightbox\"\n\t\t\tdata-wp-style--right=\"state.imageButtonRight\"\n\t\t\tdata-wp-style--top=\"state.imageButtonTop\"\n\t\t>\n\t\t\t<svg xmlns=\"http:\/\/www.w3.org\/2000\/svg\" width=\"12\" height=\"12\" fill=\"none\" viewBox=\"0 0 12 12\">\n\t\t\t\t<path fill=\"#fff\" d=\"M2 0a2 2 0 0 0-2 2v2h1.5V2a.5.5 0 0 1 .5-.5h2V0H2Zm2 10.5H2a.5.5 0 0 1-.5-.5V8H0v2a2 2 0 0 0 2 2h2v-1.5ZM8 12v-1.5h2a.5.5 0 0 0 .5-.5V8H12v2a2 2 0 0 1-2 2H8Zm2-12a2 2 0 0 1 2 2v2h-1.5V2a.5.5 0 0 0-.5-.5H8V0h2Z\" \/>\n\t\t\t<\/svg>\n\t\t<\/button><\/figure>\n<\/div>\n\n\n\n<div class=\"wp-block-column has-text-color has-link-color wp-elements-44f9982c23eebc3914f61ccd5e5b5f19 is-layout-flow wp-block-column-is-layout-flow\" style=\"color:#000000;padding-top:0em;padding-right:0em;padding-bottom:0em;padding-left:0em\">\n<figure data-wp-context=\"{&quot;imageId&quot;:&quot;69eb5cbc22ce7&quot;}\" data-wp-interactive=\"core\/image\" data-wp-key=\"69eb5cbc22ce7\" class=\"wp-block-image size-large wp-lightbox-container\"><img loading=\"lazy\" decoding=\"async\" width=\"1024\" height=\"731\" data-wp-class--hide=\"state.isContentHidden\" data-wp-class--show=\"state.isContentVisible\" data-wp-init=\"callbacks.setButtonStyles\" data-wp-on--click=\"actions.showLightbox\" data-wp-on--load=\"callbacks.setButtonStyles\" data-wp-on-window--resize=\"callbacks.setButtonStyles\" src=\"https:\/\/mowamo.org\/wp-content\/uploads\/2021\/08\/mowamo_team3-1024x731.jpg\" alt=\"\" class=\"wp-image-189\" srcset=\"https:\/\/mowamo.org\/wp-content\/uploads\/2021\/08\/mowamo_team3-1024x731.jpg 1024w, https:\/\/mowamo.org\/wp-content\/uploads\/2021\/08\/mowamo_team3-300x214.jpg 300w, https:\/\/mowamo.org\/wp-content\/uploads\/2021\/08\/mowamo_team3-768x548.jpg 768w, https:\/\/mowamo.org\/wp-content\/uploads\/2021\/08\/mowamo_team3-18x12.jpg 18w, https:\/\/mowamo.org\/wp-content\/uploads\/2021\/08\/mowamo_team3.jpg 1080w\" sizes=\"auto, (max-width: 1024px) 100vw, 1024px\" \/><button\n\t\t\tclass=\"lightbox-trigger\"\n\t\t\ttype=\"button\"\n\t\t\taria-haspopup=\"dialog\"\n\t\t\taria-label=\"Enlarge\"\n\t\t\tdata-wp-init=\"callbacks.initTriggerButton\"\n\t\t\tdata-wp-on--click=\"actions.showLightbox\"\n\t\t\tdata-wp-style--right=\"state.imageButtonRight\"\n\t\t\tdata-wp-style--top=\"state.imageButtonTop\"\n\t\t>\n\t\t\t<svg xmlns=\"http:\/\/www.w3.org\/2000\/svg\" width=\"12\" height=\"12\" fill=\"none\" viewBox=\"0 0 12 12\">\n\t\t\t\t<path fill=\"#fff\" d=\"M2 0a2 2 0 0 0-2 2v2h1.5V2a.5.5 0 0 1 .5-.5h2V0H2Zm2 10.5H2a.5.5 0 0 1-.5-.5V8H0v2a2 2 0 0 0 2 2h2v-1.5ZM8 12v-1.5h2a.5.5 0 0 0 .5-.5V8H12v2a2 2 0 0 1-2 2H8Zm2-12a2 2 0 0 1 2 2v2h-1.5V2a.5.5 0 0 0-.5-.5H8V0h2Z\" \/>\n\t\t\t<\/svg>\n\t\t<\/button><\/figure>\n<\/div>\n<\/div>\n<\/div>\n\n\n\n<div class=\"wp-block-group alignfull has-global-padding is-layout-constrained wp-container-core-group-is-layout-d89aad35 wp-block-group-is-layout-constrained\" style=\"margin-top:0;margin-bottom:0;padding-top:var(--wp--preset--spacing--50);padding-right:var(--wp--preset--spacing--50);padding-bottom:var(--wp--preset--spacing--50);padding-left:var(--wp--preset--spacing--50)\">\n<div class=\"wp-block-group alignwide has-base-2-background-color has-background is-content-justification-space-between is-nowrap is-layout-flex wp-container-core-group-is-layout-fc3033bb wp-block-group-is-layout-flex\" style=\"border-radius:16px;padding-top:var(--wp--preset--spacing--40);padding-right:var(--wp--preset--spacing--50);padding-bottom:var(--wp--preset--spacing--40);padding-left:var(--wp--preset--spacing--50)\">\n<div class=\"wp-block-group is-vertical is-content-justification-left is-layout-flex wp-container-core-group-is-layout-dd225191 wp-block-group-is-layout-flex\">\n<h2 class=\"wp-block-heading\">Mitgliedschaft<\/h2>\n\n\n\n<p class=\"has-large-font-size\">Unterst\u00fctzen Sie uns mit monatlichen Beitr\u00e4gen oder freiwilligen Spenden!<\/p>\n\n\n\n<div class=\"wp-block-buttons is-layout-flex wp-block-buttons-is-layout-flex\">\n<div class=\"wp-block-button\"><a class=\"wp-block-button__link has-medium-font-size has-custom-font-size wp-element-button\" href=\"https:\/\/mowamo.org\/unterstuetzung\/mitglied-werden\/\">Mitglied werden<\/a><\/div>\n<\/div>\n<\/div>\n\n\n\n<div class=\"wp-block-group is-vertical is-content-justification-stretch is-layout-flex wp-container-core-group-is-layout-353c4f5a wp-block-group-is-layout-flex\">\n<figure class=\"wp-block-image size-medium\"><img loading=\"lazy\" decoding=\"async\" width=\"263\" height=\"300\" src=\"https:\/\/mowamo.org\/wp-content\/uploads\/2021\/08\/helping_hand__jonathan_meyer-263x300.png\" alt=\"\" class=\"wp-image-196\" style=\"aspect-ratio:1;object-fit:contain\" srcset=\"https:\/\/mowamo.org\/wp-content\/uploads\/2021\/08\/helping_hand__jonathan_meyer-263x300.png 263w, https:\/\/mowamo.org\/wp-content\/uploads\/2021\/08\/helping_hand__jonathan_meyer-11x12.png 11w, https:\/\/mowamo.org\/wp-content\/uploads\/2021\/08\/helping_hand__jonathan_meyer.png 355w\" sizes=\"auto, (max-width: 263px) 100vw, 263px\" \/><\/figure>\n<\/div>\n<\/div>\n<\/div>\n\n\n\n<div class=\"wp-block-group alignfull has-accent-3-background-color has-background is-vertical is-content-justification-center is-layout-flex wp-container-core-group-is-layout-623b1cb9 wp-block-group-is-layout-flex\" style=\"min-height:100vh;margin-top:0;margin-bottom:0;padding-top:var(--wp--preset--spacing--60);padding-right:var(--wp--preset--spacing--50);padding-bottom:var(--wp--preset--spacing--60);padding-left:var(--wp--preset--spacing--50)\">\n<div class=\"wp-block-group has-global-padding is-layout-constrained wp-block-group-is-layout-constrained\">\n<figure class=\"wp-block-image aligncenter size-full is-resized wp-duotone-unset-1\"><img decoding=\"async\" src=\"https:\/\/mowamo.org\/wp-content\/themes\/twentytwentyfour\/assets\/images\/icon-message.webp\" alt=\"\" style=\"object-fit:cover;width:45px;height:49px\"\/><\/figure>\n\n\n\n<div style=\"height:var(--wp--preset--spacing--10)\" aria-hidden=\"true\" class=\"wp-block-spacer\"><\/div>\n\n\n\n<h2 class=\"wp-block-heading has-text-align-center has-contrast-color has-text-color has-link-color has-x-large-font-size wp-elements-882ac5f5c0d2373f117084b0445e7020\" style=\"margin-right:0;margin-left:0;padding-right:0;padding-left:0\">Abonnieren Sie  unseren Newsletter und bleiben Sie mit unserer Community verbunden<\/h2>\n\n\n\n<div style=\"height:var(--wp--preset--spacing--10)\" aria-hidden=\"true\" class=\"wp-block-spacer\"><\/div>\n\n\n<noscript class=\"ninja-forms-noscript-message\">\n\tNotice: JavaScript is required for this content.<\/noscript>\n<div id=\"nf-form-7-cont\" class=\"nf-form-cont\" aria-live=\"polite\" aria-labelledby=\"nf-form-title-7\" aria-describedby=\"nf-form-errors-7\" role=\"form\">\n\n    <div class=\"nf-loading-spinner\"><\/div>\n\n<\/div>\n        <!-- That data is being printed as a workaround to page builders reordering the order of the scripts loaded-->\n        <script>var formDisplay=1;var nfForms=nfForms||[];var form=[];form.id='7';form.settings={\"objectType\":\"Form Setting\",\"editActive\":true,\"title\":\"Newsletter\",\"created_at\":\"2025-07-19 18:48:25\",\"default_label_pos\":\"hidden\",\"show_title\":\"0\",\"clear_complete\":\"1\",\"hide_complete\":\"0\",\"logged_in\":\"\",\"wrapper_class\":\"\",\"element_class\":\"\",\"form_title_heading_level\":\"3\",\"key\":\"\",\"add_submit\":\"1\",\"currency\":\"EUR\",\"unique_field_error\":\"Ein Formular mit diesem Wert wurde bereits eingereicht.\",\"not_logged_in_msg\":\"\",\"sub_limit_msg\":\"Das Formular hat sein Beitragslimit erreicht.\",\"calculations\":[],\"formContentData\":[\"name_1752842963580\",\"email_1752843310657\",\"anmelden_1752943819337\"],\"changeEmailErrorMsg\":\"Bitte geben Sie eine g\\u00fcltige E-Mail-Adresse ein\",\"changeDateErrorMsg\":\"Bitte geben Sie ein g\\u00fcltiges Datum ein\",\"confirmFieldErrorMsg\":\"These fields must match!\",\"fieldNumberNumMinError\":\"Number Min Error\",\"fieldNumberNumMaxError\":\"Number Max Error\",\"fieldNumberIncrementBy\":\"Please increment by \",\"formErrorsCorrectErrors\":\"Bitte korrigieren Sie die Felder, bevor Sie das Formular senden\",\"validateRequiredField\":\"This is a required field.\",\"honeypotHoneypotError\":\"Honeypot Error\",\"fieldsMarkedRequired\":\"Fields marked with an <span class=\\\"ninja-forms-req-symbol\\\">*<\\\/span> are required\",\"objectDomain\":\"display\",\"drawerDisabled\":false,\"allow_public_link\":0,\"embed_form\":\"\",\"ninjaForms\":\"Ninja Forms\",\"fieldTextareaRTEInsertLink\":\"Insert Link\",\"fieldTextareaRTEInsertMedia\":\"Insert Media\",\"fieldTextareaRTESelectAFile\":\"Select a file\",\"formHoneypot\":\"If you are a human seeing this field, please leave it empty.\",\"fileUploadOldCodeFileUploadInProgress\":\"File Upload in Progress.\",\"fileUploadOldCodeFileUpload\":\"FILE UPLOAD\",\"currencySymbol\":\"&euro;\",\"thousands_sep\":\",\",\"decimal_point\":\".\",\"siteLocale\":\"en_US\",\"dateFormat\":\"d\\\/m\\\/Y\",\"startOfWeek\":\"1\",\"of\":\"of\",\"previousMonth\":\"Previous Month\",\"nextMonth\":\"Next Month\",\"months\":[\"January\",\"February\",\"March\",\"April\",\"May\",\"June\",\"July\",\"August\",\"September\",\"October\",\"November\",\"December\"],\"monthsShort\":[\"Jan\",\"Feb\",\"Mar\",\"Apr\",\"May\",\"Jun\",\"Jul\",\"Aug\",\"Sep\",\"Oct\",\"Nov\",\"Dec\"],\"weekdays\":[\"Sunday\",\"Monday\",\"Tuesday\",\"Wednesday\",\"Thursday\",\"Friday\",\"Saturday\"],\"weekdaysShort\":[\"Sun\",\"Mon\",\"Tue\",\"Wed\",\"Thu\",\"Fri\",\"Sat\"],\"weekdaysMin\":[\"Su\",\"Mo\",\"Tu\",\"We\",\"Th\",\"Fr\",\"Sa\"],\"recaptchaConsentMissing\":\"reCaptcha validation couldn&#039;t load.\",\"recaptchaMissingCookie\":\"reCaptcha v3 validation couldn&#039;t load the cookie needed to submit the form.\",\"recaptchaConsentEvent\":\"Accept reCaptcha cookies before sending the form.\",\"currency_symbol\":\"&euro;\",\"beforeForm\":\"\",\"beforeFields\":\"\",\"afterFields\":\"\",\"afterForm\":\"\"};form.fields=[{\"objectType\":\"Field\",\"objectDomain\":\"fields\",\"editActive\":false,\"order\":2,\"idAttribute\":\"id\",\"type\":\"lastname\",\"label\":\"Name\",\"key\":\"name_1752842963580\",\"label_pos\":\"hidden\",\"required\":1,\"default\":\"\",\"placeholder\":\"Ihr Vorname und Nachname\",\"container_class\":\"\",\"element_class\":\"\",\"admin_label\":\"\",\"help_text\":\"\",\"custom_name_attribute\":\"lname\",\"personally_identifiable\":1,\"value\":\"\",\"drawerDisabled\":false,\"field_label\":\"Name\",\"field_key\":\"name_1752842963580\",\"id\":57,\"beforeField\":\"\",\"afterField\":\"\",\"parentType\":\"lastname\",\"element_templates\":[\"lastname\",\"input\"],\"old_classname\":\"\",\"wrap_template\":\"wrap\"},{\"objectType\":\"Field\",\"objectDomain\":\"fields\",\"editActive\":false,\"order\":3,\"idAttribute\":\"id\",\"type\":\"email\",\"label\":\"E-Mail\",\"key\":\"email_1752843310657\",\"label_pos\":\"hidden\",\"required\":1,\"default\":\"\",\"placeholder\":\"Ihre E-Mail-Adresse\",\"container_class\":\"\",\"element_class\":\"\",\"admin_label\":\"\",\"help_text\":\"\",\"custom_name_attribute\":\"email\",\"personally_identifiable\":1,\"value\":\"\",\"drawerDisabled\":false,\"field_label\":\"E-Mail\",\"field_key\":\"email_1752843310657\",\"id\":59,\"beforeField\":\"\",\"afterField\":\"\",\"parentType\":\"email\",\"element_templates\":[\"email\",\"input\"],\"old_classname\":\"\",\"wrap_template\":\"wrap\"},{\"objectType\":\"Field\",\"objectDomain\":\"fields\",\"editActive\":false,\"order\":6,\"idAttribute\":\"id\",\"type\":\"submit\",\"label\":\"Anmelden\",\"processing_label\":\"Ihre Anfrage wird verarbeitet\",\"container_class\":\"\",\"element_class\":\"\",\"key\":\"anmelden_1752943819337\",\"admin_label\":\"\",\"drawerDisabled\":false,\"field_label\":\"Absenden\",\"field_key\":\"absenden_1752860057159\",\"id\":58,\"beforeField\":\"\",\"afterField\":\"\",\"value\":\"\",\"label_pos\":\"hidden\",\"parentType\":\"textbox\",\"element_templates\":[\"submit\",\"button\",\"input\"],\"old_classname\":\"\",\"wrap_template\":\"wrap-no-label\"}];nfForms.push(form);<\/script>\n        <\/div>\n<\/div>\n","protected":false},"excerpt":{"rendered":"<p>Aufruf! Liebe*r Freund*in, Bekannte*r, interessierte Person und Unterst\u00fctzer*in! Ich habe den Verein Mowamo \u2013 helfende H\u00e4nde gegr\u00fcndet, um Menschen mit Behinderungen in Ghana das Leben zu erleichtern und zu versch\u00f6nern. Wir haben \u00fcber die Jahre gebrauchte Gehhilfen (Gehst\u00f6cken, Rollatoren, Rohlst\u00fchlen und Kr\u00fccken) gesammelt und wollen diese nun nach Ghana verschiffen. F\u00fcr dieses Anliegen brauchen wir [&hellip;]<\/p>\n","protected":false},"author":1,"featured_media":0,"parent":0,"menu_order":0,"comment_status":"closed","ping_status":"closed","template":"","meta":{"_seopress_robots_primary_cat":"","_seopress_titles_title":"Mowamo - Helfende H\u00e4nde","_seopress_titles_desc":"Mowamo - Helfende H\u00e4nde","_seopress_robots_index":"","footnotes":""},"class_list":["post-10","page","type-page","status-publish","hentry"],"_links":{"self":[{"href":"https:\/\/mowamo.org\/en\/wp-json\/wp\/v2\/pages\/10","targetHints":{"allow":["GET"]}}],"collection":[{"href":"https:\/\/mowamo.org\/en\/wp-json\/wp\/v2\/pages"}],"about":[{"href":"https:\/\/mowamo.org\/en\/wp-json\/wp\/v2\/types\/page"}],"author":[{"embeddable":true,"href":"https:\/\/mowamo.org\/en\/wp-json\/wp\/v2\/users\/1"}],"replies":[{"embeddable":true,"href":"https:\/\/mowamo.org\/en\/wp-json\/wp\/v2\/comments?post=10"}],"version-history":[{"count":208,"href":"https:\/\/mowamo.org\/en\/wp-json\/wp\/v2\/pages\/10\/revisions"}],"predecessor-version":[{"id":1206,"href":"https:\/\/mowamo.org\/en\/wp-json\/wp\/v2\/pages\/10\/revisions\/1206"}],"wp:attachment":[{"href":"https:\/\/mowamo.org\/en\/wp-json\/wp\/v2\/media?parent=10"}],"curies":[{"name":"wp","href":"https:\/\/api.w.org\/{rel}","templated":true}]}}